{"id":597,"date":"2024-06-09T01:27:56","date_gmt":"2024-06-08T22:27:56","guid":{"rendered":"https:\/\/goldwerk.it\/?page_id=597"},"modified":"2025-04-02T16:42:26","modified_gmt":"2025-04-02T13:42:26","slug":"goldwerk","status":"publish","type":"page","link":"https:\/\/goldwerk.it\/it\/goldwerk\/","title":{"rendered":"999&#8217;9"},"content":{"rendered":"<div data-elementor-type=\"wp-page\" data-elementor-id=\"597\" class=\"elementor elementor-597\">\n\t\t\t\t<div class=\"elementor-element elementor-element-56a069cb e-flex e-con-boxed e-con e-parent\" data-id=\"56a069cb\" data-element_type=\"container\">\n\t\t\t\t\t<div class=\"e-con-inner\">\n\t\t\t\t<div class=\"elementor-element elementor-element-3a136675 elementor-widget elementor-widget-themedraft_section_title\" data-id=\"3a136675\" data-element_type=\"widget\" data-widget_type=\"themedraft_section_title.default\">\n\t\t\t\t<div class=\"elementor-widget-container\">\n\t\t\t\t\t\n        <div class=\"row\">\n            <div class=\"col-lg-12\">\n                <div class=\"td-section-title-wrap\">\n                    <div class=\"td-section-title-content\">\n\n                        <div class=\"subtitle-and-title\">\n                                                        <h6 class=\"subtitle\">Dimensioni dell'oro<\/h6>\n                            \n                            <h2 class=\"title\">Panoramica dei diversi tagli di lingotti d'oro<br \/>\nCon quale lingotto d'oro vorresti iniziare?                            <\/h2>\n                        <\/div>\n                                            <\/div>\n                <\/div>\n            <\/div>\n        <\/div>\n\n\t\t\t\t\t\t<\/div>\n\t\t\t\t<\/div>\n\t\t\t\t<div class=\"elementor-element elementor-element-78a7483 elementor-widget elementor-widget-image\" data-id=\"78a7483\" data-element_type=\"widget\" data-widget_type=\"image.default\">\n\t\t\t\t<div class=\"elementor-widget-container\">\n\t\t\t\t\t<style>.elementor-element-78a7483{display:none !important}<\/style>\t\t\t\t<\/div>\n\t\t\t\t<\/div>\n\t\t\t\t\t<\/div>\n\t\t\t\t<\/div>\n\t\t<div class=\"elementor-element elementor-element-1ced8b4a e-flex e-con-boxed e-con e-parent\" data-id=\"1ced8b4a\" data-element_type=\"container\">\n\t\t\t\t\t<div class=\"e-con-inner\">\n\t\t\t\t<div class=\"elementor-element elementor-element-023d93b elementor-widget elementor-widget-themedraft_section_title\" data-id=\"023d93b\" data-element_type=\"widget\" data-widget_type=\"themedraft_section_title.default\">\n\t\t\t\t<div class=\"elementor-widget-container\">\n\t\t\t\t\t\n        <div class=\"row\">\n            <div class=\"col-lg-12\">\n                <div class=\"td-section-title-wrap\">\n                    <div class=\"td-section-title-content\">\n\n                        <div class=\"subtitle-and-title\">\n                                                        <h6 class=\"subtitle\">Carato<\/h6>\n                            \n                            <h5 class=\"title\">Unit\u00e0 di misura della finezza dell'oro                            <\/h5>\n                        <\/div>\n                                                    <div class=\"title-description\">\n                                <p>\u00a0<\/p><p><span style=\"color: #000000;\">Il termine carato viene utilizzato per indicare la finezza dell'oro e indica la proporzione di oro puro nella massa totale di una lega d'oro.\nL'oro a 24 carati ha una purezza del 99,99% ed \u00e8 quindi etichettato con la sigla 999,9<\/span><\/p>                            <\/div>\n                                            <\/div>\n                <\/div>\n            <\/div>\n        <\/div>\n\n\t\t\t\t\t\t<\/div>\n\t\t\t\t<\/div>\n\t\t\t\t<div class=\"elementor-element elementor-element-2319d1df elementor-widget elementor-widget-image\" data-id=\"2319d1df\" data-element_type=\"widget\" data-widget_type=\"image.default\">\n\t\t\t\t<div class=\"elementor-widget-container\">\n\t\t\t\t\t\t\t\t\t\t\t\t\t\t\t<img fetchpriority=\"high\" decoding=\"async\" width=\"768\" height=\"535\" src=\"https:\/\/goldwerk.it\/wp-content\/uploads\/2024\/11\/Bildschirmfoto-2024-11-10-um-15.00.29.png\" class=\"attachment-medium_large size-medium_large wp-image-1059\" alt=\"\" srcset=\"https:\/\/goldwerk.it\/wp-content\/uploads\/2024\/11\/Bildschirmfoto-2024-11-10-um-15.00.29.png 1784w, https:\/\/goldwerk.it\/wp-content\/uploads\/2024\/11\/Bildschirmfoto-2024-11-10-um-15.00.29-300x232.png 300w, https:\/\/goldwerk.it\/wp-content\/uploads\/2024\/11\/Bildschirmfoto-2024-11-10-um-15.00.29-1024x792.png 1024w, https:\/\/goldwerk.it\/wp-content\/uploads\/2024\/11\/Bildschirmfoto-2024-11-10-um-15.00.29-768x594.png 768w, https:\/\/goldwerk.it\/wp-content\/uploads\/2024\/11\/Bildschirmfoto-2024-11-10-um-15.00.29-1536x1188.png 1536w, https:\/\/goldwerk.it\/wp-content\/uploads\/2024\/11\/Bildschirmfoto-2024-11-10-um-15.00.29-16x12.png 16w\" sizes=\"(max-width: 768px) 100vw, 768px\" \/>\t\t\t\t\t\t\t\t\t\t\t\t\t\t\t<\/div>\n\t\t\t\t<\/div>\n\t\t\t\t\t<\/div>\n\t\t\t\t<\/div>\n\t\t<div class=\"elementor-element elementor-element-9316a24 e-flex e-con-boxed e-con e-parent\" data-id=\"9316a24\" data-element_type=\"container\">\n\t\t\t\t\t<div class=\"e-con-inner\">\n\t\t\t\t<div class=\"elementor-element elementor-element-d070727 elementor-widget elementor-widget-themedraft_section_title\" data-id=\"d070727\" data-element_type=\"widget\" data-widget_type=\"themedraft_section_title.default\">\n\t\t\t\t<div class=\"elementor-widget-container\">\n\t\t\t\t\t\n        <div class=\"row\">\n            <div class=\"col-lg-12\">\n                <div class=\"td-section-title-wrap\">\n                    <div class=\"td-section-title-content\">\n\n                        <div class=\"subtitle-and-title\">\n                                                        <h6 class=\"subtitle\">Cubo globale dell ' oro<\/h6>\n                            \n                            <h5 class=\"title\">Tutto l'oro del mondo (al 2022) corrisponde ad un cubo di dimensioni pari a 22,25 m a lato.                            <\/h5>\n                        <\/div>\n                                            <\/div>\n                <\/div>\n            <\/div>\n        <\/div>\n\n\t\t\t\t\t\t<\/div>\n\t\t\t\t<\/div>\n\t\t\t\t<div class=\"elementor-element elementor-element-357d1d7 elementor-widget elementor-widget-image\" data-id=\"357d1d7\" data-element_type=\"widget\" data-widget_type=\"image.default\">\n\t\t\t\t<div class=\"elementor-widget-container\">\n\t\t\t\t\t\t\t\t\t\t\t\t\t\t\t<img decoding=\"async\" width=\"768\" height=\"504\" src=\"https:\/\/goldwerk.it\/wp-content\/uploads\/2024\/12\/5_Cubo-scaled.jpg\" class=\"attachment-medium_large size-medium_large wp-image-948\" alt=\"\" srcset=\"https:\/\/goldwerk.it\/wp-content\/uploads\/2024\/12\/5_Cubo-scaled.jpg 2560w, https:\/\/goldwerk.it\/wp-content\/uploads\/2024\/12\/5_Cubo-300x212.jpg 300w, https:\/\/goldwerk.it\/wp-content\/uploads\/2024\/12\/5_Cubo-1024x724.jpg 1024w, https:\/\/goldwerk.it\/wp-content\/uploads\/2024\/12\/5_Cubo-768x543.jpg 768w, https:\/\/goldwerk.it\/wp-content\/uploads\/2024\/12\/5_Cubo-1536x1086.jpg 1536w, https:\/\/goldwerk.it\/wp-content\/uploads\/2024\/12\/5_Cubo-2048x1448.jpg 2048w, https:\/\/goldwerk.it\/wp-content\/uploads\/2024\/12\/5_Cubo-18x12.jpg 18w\" sizes=\"(max-width: 768px) 100vw, 768px\" \/>\t\t\t\t\t\t\t\t\t\t\t\t\t\t\t<\/div>\n\t\t\t\t<\/div>\n\t\t\t\t\t<\/div>\n\t\t\t\t<\/div>\n\t\t<div class=\"elementor-element elementor-element-03307b8 e-flex e-con-boxed e-con e-parent\" data-id=\"03307b8\" data-element_type=\"container\">\n\t\t\t\t\t<div class=\"e-con-inner\">\n\t\t\t\t<div class=\"elementor-element elementor-element-1283d76 elementor-widget elementor-widget-themedraft_section_title\" data-id=\"1283d76\" data-element_type=\"widget\" data-widget_type=\"themedraft_section_title.default\">\n\t\t\t\t<div class=\"elementor-widget-container\">\n\t\t\t\t\t\n        <div class=\"row\">\n            <div class=\"col-lg-12\">\n                <div class=\"td-section-title-wrap\">\n                    <div class=\"td-section-title-content\">\n\n                        <div class=\"subtitle-and-title\">\n                            \n                            <h5 class=\"title\">LBMA-London Bullion Market                            <\/h5>\n                        <\/div>\n                                            <\/div>\n                <\/div>\n            <\/div>\n        <\/div>\n\n\t\t\t\t\t\t<\/div>\n\t\t\t\t<\/div>\n\t\t\t\t<div class=\"elementor-element elementor-element-1095359 elementor-widget elementor-widget-themedraft_list_with_title\" data-id=\"1095359\" data-element_type=\"widget\" data-widget_type=\"themedraft_list_with_title.default\">\n\t\t\t\t<div class=\"elementor-widget-container\">\n\t\t\t\t\t\t\t\t<div class=\"list-with-title-wrapper\">\n\t\t\t\t<h4 class=\"main-title\"><\/h4>\n\n\t\t\t\t<ul class=\"list-with-title-list\">\n                    \n                            <li>\n                                <h6 class=\"list-item-title\">\u00e9 il pi\u00fa importante centro di negoziazione al mondo di oro, argento e di altre materie prime.<\/h6>\n                                                            <\/li>\n                    \n                            <li>\n                                <h6 class=\"list-item-title\">in tutto il mondo 70 produttori di oro soddisfano i criteri della LBMA<\/h6>\n                                                            <\/li>\n                    \n                            <li>\n                                <h6 class=\"list-item-title\">determinazione giornaliera del prezzo dell'oro e argento.<\/h6>\n                                                            <\/li>\n                    \t\t\t\t<\/ul>\n\t\t\t<\/div>\n\t\t\t\t\t\t<\/div>\n\t\t\t\t<\/div>\n\t\t\t\t<div class=\"elementor-element elementor-element-eee69ef elementor-widget elementor-widget-text-editor\" data-id=\"eee69ef\" data-element_type=\"widget\" data-widget_type=\"text-editor.default\">\n\t\t\t\t<div class=\"elementor-widget-container\">\n\t\t\t\t\t\t\t\t\t<p>Se i produttori di oro vogliono commerciare i loro lingotti e monete attraverso la LBMA, questi devono soddisfare standard specificati e esporre il marchio di qualit\u00e1 LBMA.<\/p>\t\t\t\t\t\t\t\t<\/div>\n\t\t\t\t<\/div>\n\t\t\t\t<div class=\"elementor-element elementor-element-2c83c28 elementor-widget elementor-widget-themedraft_list_with_title\" data-id=\"2c83c28\" data-element_type=\"widget\" data-widget_type=\"themedraft_list_with_title.default\">\n\t\t\t\t<div class=\"elementor-widget-container\">\n\t\t\t\t\t\t\t\t<div class=\"list-with-title-wrapper\">\n\t\t\t\t<h4 class=\"main-title\">I vantaggi dei lingotti certificati LBMA<\/h4>\n\n\t\t\t\t<ul class=\"list-with-title-list\">\n                    \n                            <li>\n                                <h6 class=\"list-item-title\">marchio di qualit\u00e1 accettato a livello internazionale da banche e commercianti di metalli preziosi in tutto il mondo<\/h6>\n                                                            <\/li>\n                    \n                            <li>\n                                <h6 class=\"list-item-title\">lingotti di oro e argento di alta qualit\u00e0 con massima purezza<\/h6>\n                                                            <\/li>\n                    \n                            <li>\n                                <h6 class=\"list-item-title\">purezza e peso dei lingotti sono esatti<\/h6>\n                                                            <\/li>\n                    \t\t\t\t<\/ul>\n\t\t\t<\/div>\n\t\t\t\t\t\t<\/div>\n\t\t\t\t<\/div>\n\t\t\t\t<div class=\"elementor-element elementor-element-06c93be elementor-widget elementor-widget-themedraft_list_with_title\" data-id=\"06c93be\" data-element_type=\"widget\" data-widget_type=\"themedraft_list_with_title.default\">\n\t\t\t\t<div class=\"elementor-widget-container\">\n\t\t\t\t\t\t\t\t<div class=\"list-with-title-wrapper\">\n\t\t\t\t<h4 class=\"main-title\">Per ottenere la certificazione LBMA, i produttori di metalli preziosi devono<\/h4>\n\n\t\t\t\t<ul class=\"list-with-title-list\">\n                    \n                            <li>\n                                <h6 class=\"list-item-title\">esistere da almeno 5 anni e produrre lingotti d'oro da almeno 3 anni<\/h6>\n                                                            <\/li>\n                    \n                            <li>\n                                <h6 class=\"list-item-title\">l'azienda produttrice deve avere un valore patrimoniale netto tangibile di almeno 15\nmilioni di sterline<\/h6>\n                                                            <\/li>\n                    \n                            <li>\n                                <h6 class=\"list-item-title\">avere un volume di produzione annuo di almeno 10 tonnellate<\/h6>\n                                                            <\/li>\n                    \n                            <li>\n                                <h6 class=\"list-item-title\">Inoltre, sono previsti audit periodici per garantire la conformit\u00e0 degli standard definiti<\/h6>\n                                                            <\/li>\n                    \t\t\t\t<\/ul>\n\t\t\t<\/div>\n\t\t\t\t\t\t<\/div>\n\t\t\t\t<\/div>\n\t\t\t\t\t<\/div>\n\t\t\t\t<\/div>\n\t\t<div class=\"elementor-element elementor-element-fb12038 e-flex e-con-boxed e-con e-parent\" data-id=\"fb12038\" data-element_type=\"container\">\n\t\t\t\t\t<div class=\"e-con-inner\">\n\t\t\t\t<div class=\"elementor-element elementor-element-1057c6e elementor-widget elementor-widget-heading\" data-id=\"1057c6e\" data-element_type=\"widget\" data-widget_type=\"heading.default\">\n\t\t\t\t<div class=\"elementor-widget-container\">\n\t\t\t\t\t<h2 class=\"elementor-heading-title elementor-size-default\">Ogni soluzione aurea di Goldwerk\u00ae \u00e9 certificata LBMA<\/h2>\t\t\t\t<\/div>\n\t\t\t\t<\/div>\n\t\t\t\t\t<\/div>\n\t\t\t\t<\/div>\n\t\t<div class=\"elementor-element elementor-element-584e2452 e-flex e-con-boxed e-con e-parent\" data-id=\"584e2452\" data-element_type=\"container\">\n\t\t\t\t\t<div class=\"e-con-inner\">\n\t\t\t\t<div class=\"elementor-element elementor-element-52a79c4e elementor-widget elementor-widget-themedraft_section_title\" data-id=\"52a79c4e\" data-element_type=\"widget\" data-widget_type=\"themedraft_section_title.default\">\n\t\t\t\t<div class=\"elementor-widget-container\">\n\t\t\t\t\t\n        <div class=\"row\">\n            <div class=\"col-lg-12\">\n                <div class=\"td-section-title-wrap\">\n                    <div class=\"td-section-title-content\">\n\n                        <div class=\"subtitle-and-title\">\n                            \n                            <h2 class=\"title\">\u201cPi\u00f9 che il passato mi interessa il futuro, perch\u00e9 in esso che intendo vivere.\u201d Albert Einstein<br \/>\n                            <\/h2>\n                        <\/div>\n                                            <\/div>\n                <\/div>\n            <\/div>\n        <\/div>\n\n\t\t\t\t\t\t<\/div>\n\t\t\t\t<\/div>\n\t\t\t\t<div class=\"elementor-element elementor-element-23e9e8a elementor-widget elementor-widget-text-editor\" data-id=\"23e9e8a\" data-element_type=\"widget\" data-widget_type=\"text-editor.default\">\n\t\t\t\t<div class=\"elementor-widget-container\">\n\t\t\t\t\t\t\t\t\t<p>Cos'\u00e9 un Goldplan\u00ae e quali sono i vantaggi e benefici?<\/p>\t\t\t\t\t\t\t\t<\/div>\n\t\t\t\t<\/div>\n\t\t\t\t<div class=\"elementor-element elementor-element-b478790 elementor-widget elementor-widget-themedraft_list_with_title\" data-id=\"b478790\" data-element_type=\"widget\" data-widget_type=\"themedraft_list_with_title.default\">\n\t\t\t\t<div class=\"elementor-widget-container\">\n\t\t\t\t\t\t\t\t<div class=\"list-with-title-wrapper\">\n\t\t\t\t<h4 class=\"main-title\">Aspetti da stabilire prima<\/h4>\n\n\t\t\t\t<ul class=\"list-with-title-list\">\n                    \n                            <li>\n                                <h6 class=\"list-item-title\">raggionare a medio-lungo termine<\/h6>\n                                                            <\/li>\n                    \n                            <li>\n                                <h6 class=\"list-item-title\">fissare un chiaro obiettivo di investimento nel tempo<\/h6>\n                                                            <\/li>\n                    \n                            <li>\n                                <h6 class=\"list-item-title\">la preserveranza e un Suo punto di forza<\/h6>\n                                                            <\/li>\n                    \n                            <li>\n                                <h6 class=\"list-item-title\">vuole ambire all'indipendenza<\/h6>\n                                                            <\/li>\n                    \n                            <li>\n                                <h6 class=\"list-item-title\">non ha intenzioni speculative<\/h6>\n                                                            <\/li>\n                    \n                            <li>\n                                <h6 class=\"list-item-title\">apprezzare la sicurezza e la stabilita<\/h6>\n                                                            <\/li>\n                    \t\t\t\t<\/ul>\n\t\t\t<\/div>\n\t\t\t\t\t\t<\/div>\n\t\t\t\t<\/div>\n\t\t\t\t<div class=\"elementor-element elementor-element-0c824be elementor-widget elementor-widget-themedraft_list_with_title\" data-id=\"0c824be\" data-element_type=\"widget\" data-widget_type=\"themedraft_list_with_title.default\">\n\t\t\t\t<div class=\"elementor-widget-container\">\n\t\t\t\t\t\t\t\t<div class=\"list-with-title-wrapper\">\n\t\t\t\t<h4 class=\"main-title\">Cos' \u00e9 un Goldplan\u00ae<\/h4>\n\n\t\t\t\t<ul class=\"list-with-title-list\">\n                    \n                            <li>\n                                <h6 class=\"list-item-title\">accumulare oro fisico attraverso versamenti mensili.<\/h6>\n                                                            <\/li>\n                    \n                            <li>\n                                <h6 class=\"list-item-title\">Ouesti possono essere gestiti in modo flessibile (tempo e importo).<\/h6>\n                                                            <\/li>\n                    \n                            <li>\n                                <h6 class=\"list-item-title\">Oualsiasi somma di arrivo prescelta viene interamente convertita da Goldwerk\u00ae in oro fisico e consegnato su richiesta.<\/h6>\n                                                            <\/li>\n                    \n                            <li>\n                                <h6 class=\"list-item-title\">Potra aprire un Goldplan\u00ae per se, per i Suoi figli o nipoti.<\/h6>\n                                                            <\/li>\n                    \n                            <li>\n                                <h6 class=\"list-item-title\">Offriamo piani di accumulo flessibili e personalizzati in base alle Sue esigenze.<\/h6>\n                                                            <\/li>\n                    \n                            <li>\n                                <h6 class=\"list-item-title\">I piani di accumulo possono essere anche interessanti per le aziende.<\/h6>\n                                                            <\/li>\n                    \t\t\t\t<\/ul>\n\t\t\t<\/div>\n\t\t\t\t\t\t<\/div>\n\t\t\t\t<\/div>\n\t\t\t\t\t<\/div>\n\t\t\t\t<\/div>\n\t\t<div class=\"elementor-element elementor-element-c335270 e-flex e-con-boxed e-con e-parent\" data-id=\"c335270\" data-element_type=\"container\">\n\t\t\t\t\t<div class=\"e-con-inner\">\n\t\t\t\t<div class=\"elementor-element elementor-element-e4efea8 elementor-widget elementor-widget-text-editor\" data-id=\"e4efea8\" data-element_type=\"widget\" data-widget_type=\"text-editor.default\">\n\t\t\t\t<div class=\"elementor-widget-container\">\n\t\t\t\t\t\t\t\t\t<p>N.B.: il nostro oro \u00e9 certificato LBMA, purezza 999,9 -24 carati.<\/p>\t\t\t\t\t\t\t\t<\/div>\n\t\t\t\t<\/div>\n\t\t\t\t\t<\/div>\n\t\t\t\t<\/div>\n\t\t<div class=\"elementor-element elementor-element-1dc1745 e-flex e-con-boxed e-con e-parent\" data-id=\"1dc1745\" data-element_type=\"container\">\n\t\t\t\t\t<div class=\"e-con-inner\">\n\t\t\t\t<div class=\"elementor-element elementor-element-1e5ac5d3 elementor-widget elementor-widget-themedraft_section_title\" data-id=\"1e5ac5d3\" data-element_type=\"widget\" data-widget_type=\"themedraft_section_title.default\">\n\t\t\t\t<div class=\"elementor-widget-container\">\n\t\t\t\t\t\n        <div class=\"row\">\n            <div class=\"col-lg-12\">\n                <div class=\"td-section-title-wrap\">\n                    <div class=\"td-section-title-content\">\n\n                        <div class=\"subtitle-and-title\">\n                            \n                            <h2 class=\"title\">Cos'altro c'\u00e8 da sapere!!!                            <\/h2>\n                        <\/div>\n                                            <\/div>\n                <\/div>\n            <\/div>\n        <\/div>\n\n\t\t\t\t\t\t<\/div>\n\t\t\t\t<\/div>\n\t\t\t\t<div class=\"elementor-element elementor-element-7b933a7 elementor-widget elementor-widget-themedraft_list_with_title\" data-id=\"7b933a7\" data-element_type=\"widget\" data-widget_type=\"themedraft_list_with_title.default\">\n\t\t\t\t<div class=\"elementor-widget-container\">\n\t\t\t\t\t\t\t\t<div class=\"list-with-title-wrapper\">\n\t\t\t\t<h4 class=\"main-title\"><\/h4>\n\n\t\t\t\t<ul class=\"list-with-title-list\">\n                    \n                            <li>\n                                <h6 class=\"list-item-title\">Effettuando pagamenti mensili, ad esempio, si accumula oro a quotazioni diverse e si beneficia del cosiddetto effetto costo medio <\/h6>\n                                                            <\/li>\n                    \n                            <li>\n                                <h6 class=\"list-item-title\">potete modificare l'importo del deposito in qualsiasi momento, non siete soggetti ad alcuna restrizione, decidete voi l'importo, la durata e la data di deposito<\/h6>\n                                                            <\/li>\n                    \n                            <li>\n                                <h6 class=\"list-item-title\">L'oro da investimento (999,9 ) \u00e8 una copertura sicura ed eccellente per il vostro futuro.<\/h6>\n                                                            <\/li>\n                    \n                            <li>\n                                <h6 class=\"list-item-title\">Quando si apre un Goldplan\u00ae, si riceve il certificato di deposito d'oro<\/h6>\n                                                            <\/li>\n                    \n                            <li>\n                                <h6 class=\"list-item-title\">Il certificato di deposito d'oro \u00e8 un attestato aggiornato della quantit\u00e0 d'oro presente nei caveau die sicurezza e pu\u00f2 essere depositato anche come garanzia presso le banche (non tutte le banche agiscono allo stesso modo, quindi verificate prima con la vostra banca). <\/h6>\n                                                            <\/li>\n                    \n                            <li>\n                                <h6 class=\"list-item-title\">Con un Goldplan\u00ae si riceve oro fisico, si pu\u00f2 richiedere la consegna in qualsiasi momento o ritirare l'oro direttamente da noi dopo aver fissato un appuntamento.<\/h6>\n                                                            <\/li>\n                    \n                            <li>\n                                <h6 class=\"list-item-title\">Potete vedere l'aumento del valore dell'oro e l'andamento dei nostri piani auriferi alla voce \u201cGrafici\u201d.<\/h6>\n                                                            <\/li>\n                    \t\t\t\t<\/ul>\n\t\t\t<\/div>\n\t\t\t\t\t\t<\/div>\n\t\t\t\t<\/div>\n\t\t\t\t\t<\/div>\n\t\t\t\t<\/div>\n\t\t\t\t<\/div>","protected":false},"excerpt":{"rendered":"<p>Gold-Dimensionen \u00dcbersicht der verschiedenen St\u00fcckelungen der Goldbarren Mit welchem Goldbarren m\u00f6chten Sie beginnen? Karat Masseinheit f\u00fcr den Feingehalt von Gold \u00a0 Die Bezeichnung Karat wird zur Angabe des Feingehalts von Gold verwendet und gibt an, wie gross der Gewichtsanteil reinen Goldes an der Gesamtmasse einer Goldlegierung ist. Gold mit 24 Karat hat einen Feingehalt von [&hellip;]<\/p>","protected":false},"author":2,"featured_media":0,"parent":0,"menu_order":0,"comment_status":"closed","ping_status":"closed","template":"","meta":{"footnotes":""},"class_list":["post-597","page","type-page","status-publish","hentry"],"_links":{"self":[{"href":"https:\/\/goldwerk.it\/it\/wp-json\/wp\/v2\/pages\/597","targetHints":{"allow":["GET"]}}],"collection":[{"href":"https:\/\/goldwerk.it\/it\/wp-json\/wp\/v2\/pages"}],"about":[{"href":"https:\/\/goldwerk.it\/it\/wp-json\/wp\/v2\/types\/page"}],"author":[{"embeddable":true,"href":"https:\/\/goldwerk.it\/it\/wp-json\/wp\/v2\/users\/2"}],"replies":[{"embeddable":true,"href":"https:\/\/goldwerk.it\/it\/wp-json\/wp\/v2\/comments?post=597"}],"version-history":[{"count":10,"href":"https:\/\/goldwerk.it\/it\/wp-json\/wp\/v2\/pages\/597\/revisions"}],"predecessor-version":[{"id":1543,"href":"https:\/\/goldwerk.it\/it\/wp-json\/wp\/v2\/pages\/597\/revisions\/1543"}],"wp:attachment":[{"href":"https:\/\/goldwerk.it\/it\/wp-json\/wp\/v2\/media?parent=597"}],"curies":[{"name":"wp","href":"https:\/\/api.w.org\/{rel}","templated":true}]}}