{"id":37,"date":"2020-03-22T00:09:31","date_gmt":"2020-03-22T00:09:31","guid":{"rendered":"http:\/\/tf.themedraft.com\/wp\/ukilvai\/?page_id=37"},"modified":"2026-01-14T02:40:07","modified_gmt":"2026-01-13T23:40:07","slug":"home","status":"publish","type":"page","link":"https:\/\/goldwerk.it\/de\/","title":{"rendered":"Home"},"content":{"rendered":"\t\t<div data-elementor-type=\"wp-page\" data-elementor-id=\"37\" class=\"elementor elementor-37\">\n\t\t\t\t\t\t<section class=\"elementor-section elementor-top-section elementor-element elementor-element-4d7a08b9 elementor-section-stretched elementor-section-full_width elementor-section-height-default elementor-section-height-default\" data-id=\"4d7a08b9\" data-element_type=\"section\" data-settings=\"{&quot;stretch_section&quot;:&quot;section-stretched&quot;}\">\n\t\t\t\t\t\t<div class=\"elementor-container elementor-column-gap-no\">\n\t\t\t\t\t<div class=\"elementor-column elementor-col-100 elementor-top-column elementor-element elementor-element-33dae113\" data-id=\"33dae113\" data-element_type=\"column\">\n\t\t\t<div class=\"elementor-widget-wrap elementor-element-populated\">\n\t\t\t\t\t\t<div class=\"elementor-element elementor-element-7b877386 elementor-widget elementor-widget-themedraft_home_one_banner\" data-id=\"7b877386\" data-element_type=\"widget\" data-widget_type=\"themedraft_home_one_banner.default\">\n\t\t\t\t<div class=\"elementor-widget-container\">\n\t\t\t\t\t\n        <div class=\"td-home-banner-wrapper\">\n            <div class=\"td-banner-bg td-cover-bg\"\n                 style=\"background-image: url(https:\/\/goldwerk.it\/wp-content\/uploads\/2024\/08\/AdobeStock_174238238-scaled.jpeg)\">\n                <div class=\"td-tbl\">\n                    <div class=\"td-tcell\">\n                        <div class=\"container\">\n                            <div class=\"row\">\n                                <div class=\"col-lg-12 td-banner-content-column\">\n                                    <div class=\"td-banner-content-wrapper\">\n                                        <div class=\"td-banner-content\">\n                                            <h2 class=\"td-banner-title\">Ein Optimist kauft Gold, \nein Pessimist Konserven! <\/br>\n(alte Anlegerweissheit)<\/h2>\n                                            <div class=\"td-banner-text\">\n\t\t\t\t\t\t\t\t\t\t\t\t<p>Entdecken Sie die Stabilit\u00e4t und Wertsteigerung mit physischem Anlagegold von Goldwerk:<\/p><ul><li><span style=\"color: #ffffff;\">-durch einen massgeschneiderten Goldplan<\/span><\/li><li><span style=\"color: #ffffff;\">-durch Sofort-Anschaffung von Gold<\/span><\/li><li><span style=\"color: #ffffff;\">-durch Investorenpakete<\/span><\/li><li><span style=\"color: #ffffff;\">-durch Krisenschutzl\u00f6sungen<\/span><\/li><\/ul>                                            <\/div>\n\n\t\t\t\t\t\t\t\t\t\t\t                                                <div class=\"banner-button-wrapper\">\n                                                    <a href=\"https:\/\/goldwerk.it\/kontakt\/\"\n                                                       class=\"td_button\" >Kostenloses Erstgespr\u00e4ch<\/a>\n                                                <\/div>\n\t\t\t\t\t\t\t\t\t\t\t                                        <\/div>\n                                    <\/div>\n\n\t\t\t\t\t\t\t\t\t                                <\/div>\n                            <\/div>\n                        <\/div>\n                    <\/div>\n                <\/div>\n            <\/div>\n\n\t\t\t        <\/div>\n\n\t\t\t\t\t\t<\/div>\n\t\t\t\t<\/div>\n\t\t\t\t\t<\/div>\n\t\t<\/div>\n\t\t\t\t\t<\/div>\n\t\t<\/section>\n\t\t<div class=\"elementor-element elementor-element-5d8b5a40 e-flex e-con-boxed e-con e-parent\" data-id=\"5d8b5a40\" data-element_type=\"container\">\n\t\t\t\t\t<div class=\"e-con-inner\">\n\t\t\t\t<div class=\"elementor-element elementor-element-37d210f8 elementor-widget elementor-widget-themedraft_section_title\" data-id=\"37d210f8\" data-element_type=\"widget\" data-widget_type=\"themedraft_section_title.default\">\n\t\t\t\t<div class=\"elementor-widget-container\">\n\t\t\t\t\t\n        <div class=\"row\">\n            <div class=\"col-lg-12\">\n                <div class=\"td-section-title-wrap\">\n                    <div class=\"td-section-title-content\">\n\n                        <div class=\"subtitle-and-title\">\n                            \n                            <h2 class=\"title\">Goldwerk\u00ae                            <\/h2>\n                        <\/div>\n                                            <\/div>\n                <\/div>\n            <\/div>\n        <\/div>\n\n\t\t\t\t\t\t<\/div>\n\t\t\t\t<\/div>\n\t\t\t\t<div class=\"elementor-element elementor-element-3f97f194 elementor-widget elementor-widget-themedraft_text_with_title\" data-id=\"3f97f194\" data-element_type=\"widget\" data-widget_type=\"themedraft_text_with_title.default\">\n\t\t\t\t<div class=\"elementor-widget-container\">\n\t\t\t\t\t        <div class=\"td-text-with-title-wrapper\">\n            <h2 class=\"title\"><\/h2>\n            <div class=\"text\">\n                <p style=\"text-align: center;\"><span style=\"color: #000000;\">2013 von einem S\u00fcdtiroler Unternehmer gegr\u00fcndet mit allen notwendigen Genehmigungen f\u00fcr den professionellen Goldhandel. So entstand das Angebot f\u00fcr physisches Anlagegold in Form von Goldkaufpl\u00e4nen f\u00fcr Privatpersonen und Unternehmer.<\/span><\/p><p style=\"text-align: center;\"><span style=\"color: #000000;\"><strong><span style=\"color: #d5af5b;\">Goldwerk\u00ae<\/span><\/strong> ist seit 2022 Teil der <strong><span style=\"color: #d5af5b;\">Exclusive Group AG<\/span><\/strong> und f\u00fcr den professionellen Goldhandel zust\u00e4ndig.<\/span><\/p><p style=\"text-align: center;\"><strong><span style=\"color: #d5af5b;\">Auf dem Zitat von Esiodo:<\/span><\/strong><\/p><p style=\"text-align: center;\"><strong><span style=\"color: #d5af5b;\">\"wenn man dem Wenigen etwas hinzuf\u00fcgt, es aber h\u00e4ufig tut, wird aus dem Wenigen bald viel mehr ... \"<\/span><\/strong><\/p><p style=\"text-align: center;\"><span style=\"color: #000000;\">basiert die Unternehmensphilosophie und ist somit der Kern der <strong><span style=\"color: #d5af5b;\">Goldpl\u00e4ne.<\/span><\/strong><\/span><\/p><p style=\"text-align: center;\"><span style=\"color: #000000;\">Die Goldpl\u00e4ne sind individuell und k\u00f6nnen nach Bedarf und Verf\u00fcgbarkeit angepasst werden, mit wenig Startkapital und monatlichen Einzahlungen ab 50,00 \u20ac fangen Sie an Ihre Zukunft zu gestalten.<\/span><\/p>            <\/div>\n        <\/div>\n\n\n        \t\t\t\t<\/div>\n\t\t\t\t<\/div>\n\t\t\t\t\t<\/div>\n\t\t\t\t<\/div>\n\t\t<div class=\"elementor-element elementor-element-495a183 e-flex e-con-boxed e-con e-parent\" data-id=\"495a183\" data-element_type=\"container\" data-settings=\"{&quot;background_background&quot;:&quot;classic&quot;}\">\n\t\t\t\t\t<div class=\"e-con-inner\">\n\t\t<div class=\"elementor-element elementor-element-8ab6767 e-con-full e-flex e-con e-child\" data-id=\"8ab6767\" data-element_type=\"container\">\n\t\t\t\t<div class=\"elementor-element elementor-element-53e1f0e elementor-align-right elementor-mobile-align-center elementor-widget elementor-widget-button\" data-id=\"53e1f0e\" data-element_type=\"widget\" data-widget_type=\"button.default\">\n\t\t\t\t<div class=\"elementor-widget-container\">\n\t\t\t\t\t\t\t\t\t<div class=\"elementor-button-wrapper\">\n\t\t\t\t\t<a class=\"elementor-button elementor-button-link elementor-size-sm\" href=\"https:\/\/goldwerk.it\/de\/goldwerk\/\">\n\t\t\t\t\t\t<span class=\"elementor-button-content-wrapper\">\n\t\t\t\t\t\t\t\t\t<span class=\"elementor-button-text\">Goldplan\u00ae<\/span>\n\t\t\t\t\t<\/span>\n\t\t\t\t\t<\/a>\n\t\t\t\t<\/div>\n\t\t\t\t\t\t\t\t<\/div>\n\t\t\t\t<\/div>\n\t\t\t\t<\/div>\n\t\t<div class=\"elementor-element elementor-element-25a64f0 e-con-full e-flex e-con e-child\" data-id=\"25a64f0\" data-element_type=\"container\">\n\t\t\t\t<div class=\"elementor-element elementor-element-7d7bcdd elementor-align-left elementor-mobile-align-center elementor-widget elementor-widget-button\" data-id=\"7d7bcdd\" data-element_type=\"widget\" data-widget_type=\"button.default\">\n\t\t\t\t<div class=\"elementor-widget-container\">\n\t\t\t\t\t\t\t\t\t<div class=\"elementor-button-wrapper\">\n\t\t\t\t\t<a class=\"elementor-button elementor-button-link elementor-size-sm\" href=\"https:\/\/goldwerk.it\/wp-content\/uploads\/2024\/06\/LicenzaGoldwerk.pdf\">\n\t\t\t\t\t\t<span class=\"elementor-button-content-wrapper\">\n\t\t\t\t\t\t\t\t\t<span class=\"elementor-button-text\">Banca d'Italia<\/span>\n\t\t\t\t\t<\/span>\n\t\t\t\t\t<\/a>\n\t\t\t\t<\/div>\n\t\t\t\t\t\t\t\t<\/div>\n\t\t\t\t<\/div>\n\t\t\t\t<\/div>\n\t\t\t\t\t<\/div>\n\t\t\t\t<\/div>\n\t\t<div class=\"elementor-element elementor-element-debdbb6 e-con-full e-flex e-con e-parent\" data-id=\"debdbb6\" data-element_type=\"container\">\n\t\t<div class=\"elementor-element elementor-element-9572e6f e-con-full e-flex e-con e-child\" data-id=\"9572e6f\" data-element_type=\"container\">\n\t\t\t\t<div class=\"elementor-element elementor-element-e689ad8 elementor-widget elementor-widget-image\" data-id=\"e689ad8\" data-element_type=\"widget\" data-widget_type=\"image.default\">\n\t\t\t\t<div class=\"elementor-widget-container\">\n\t\t\t\t\t\t\t\t\t\t\t\t\t\t\t<img fetchpriority=\"high\" decoding=\"async\" width=\"920\" height=\"932\" src=\"https:\/\/goldwerk.it\/wp-content\/uploads\/2024\/09\/Bild.png\" class=\"attachment-large size-large wp-image-978\" alt=\"\" srcset=\"https:\/\/goldwerk.it\/wp-content\/uploads\/2024\/09\/Bild.png 920w, https:\/\/goldwerk.it\/wp-content\/uploads\/2024\/09\/Bild-296x300.png 296w, https:\/\/goldwerk.it\/wp-content\/uploads\/2024\/09\/Bild-768x778.png 768w, https:\/\/goldwerk.it\/wp-content\/uploads\/2024\/09\/Bild-12x12.png 12w\" sizes=\"(max-width: 920px) 100vw, 920px\" \/>\t\t\t\t\t\t\t\t\t\t\t\t\t\t\t<\/div>\n\t\t\t\t<\/div>\n\t\t\t\t<\/div>\n\t\t<div class=\"elementor-element elementor-element-0ede688 e-con-full e-flex e-con e-child\" data-id=\"0ede688\" data-element_type=\"container\">\n\t\t\t\t<div class=\"elementor-element elementor-element-e085546 elementor-widget elementor-widget-themedraft_section_title\" data-id=\"e085546\" data-element_type=\"widget\" data-widget_type=\"themedraft_section_title.default\">\n\t\t\t\t<div class=\"elementor-widget-container\">\n\t\t\t\t\t\n        <div class=\"row\">\n            <div class=\"col-lg-12\">\n                <div class=\"td-section-title-wrap\">\n                    <div class=\"td-section-title-content\">\n\n                        <div class=\"subtitle-and-title\">\n                                                        <h6 class=\"subtitle\">CEO-MICHAEL WITT<\/h6>\n                            \n                            <h2 class=\"title\">\"Goldwerk\u00ae GmbH \u2013 Ihre Zukunft in sicheren H\u00e4nden.\"                            <\/h2>\n                        <\/div>\n                                                    <div class=\"title-description\">\n                                <p>Bei Goldwerk stehe ich f\u00fcr Sicherheit, Vertrauen und nachhaltigen Wert.<\/p>                            <\/div>\n                                            <\/div>\n                <\/div>\n            <\/div>\n        <\/div>\n\n\t\t\t\t\t\t<\/div>\n\t\t\t\t<\/div>\n\t\t\t\t<\/div>\n\t\t\t\t<\/div>\n\t\t<div class=\"elementor-element elementor-element-4544de1 e-flex e-con-boxed e-con e-parent\" data-id=\"4544de1\" data-element_type=\"container\">\n\t\t\t\t\t<div class=\"e-con-inner\">\n\t\t<div class=\"elementor-element elementor-element-3a3f761 e-con-full e-flex e-con e-child\" data-id=\"3a3f761\" data-element_type=\"container\">\n\t\t\t\t<div class=\"elementor-element elementor-element-10da9b6 elementor-view-default elementor-position-top elementor-mobile-position-top elementor-widget elementor-widget-icon-box\" data-id=\"10da9b6\" data-element_type=\"widget\" data-widget_type=\"icon-box.default\">\n\t\t\t\t<div class=\"elementor-widget-container\">\n\t\t\t\t\t\t\t<div class=\"elementor-icon-box-wrapper\">\n\n\t\t\t\t\t\t<div class=\"elementor-icon-box-icon\">\n\t\t\t\t<span  class=\"elementor-icon\">\n\t\t\t\t<svg aria-hidden=\"true\" class=\"e-font-icon-svg e-far-eye\" viewBox=\"0 0 576 512\" xmlns=\"http:\/\/www.w3.org\/2000\/svg\"><path d=\"M288 144a110.94 110.94 0 0 0-31.24 5 55.4 55.4 0 0 1 7.24 27 56 56 0 0 1-56 56 55.4 55.4 0 0 1-27-7.24A111.71 111.71 0 1 0 288 144zm284.52 97.4C518.29 135.59 410.93 64 288 64S57.68 135.64 3.48 241.41a32.35 32.35 0 0 0 0 29.19C57.71 376.41 165.07 448 288 448s230.32-71.64 284.52-177.41a32.35 32.35 0 0 0 0-29.19zM288 400c-98.65 0-189.09-55-237.93-144C98.91 167 189.34 112 288 112s189.09 55 237.93 144C477.1 345 386.66 400 288 400z\"><\/path><\/svg>\t\t\t\t<\/span>\n\t\t\t<\/div>\n\t\t\t\n\t\t\t\t\t\t<div class=\"elementor-icon-box-content\">\n\n\t\t\t\t\t\t\t\t\t<h3 class=\"elementor-icon-box-title\">\n\t\t\t\t\t\t<span  >\n\t\t\t\t\t\t\tLeidenschaftlicher Vision\u00e4r\t\t\t\t\t\t<\/span>\n\t\t\t\t\t<\/h3>\n\t\t\t\t\n\t\t\t\t\t\t\t\t\t<p class=\"elementor-icon-box-description\">\n\t\t\t\t\t\tMichael Witt ist ein leidenschaftlicher Vision\u00e4r, der seit seiner Jugend von der Faszination f\u00fcr Edelmetalle angetrieben wird. Mit seiner tiefen Begeisterung f\u00fcr Gold leitet er das Unternehmen mit einem klaren Ziel: Den Kunden die besten Investitionsm\u00f6glichkeiten zu bieten und gleichzeitig das Wissen \u00fcber Gold als sicheren Hafen zu verbreiten.\t\t\t\t\t<\/p>\n\t\t\t\t\n\t\t\t<\/div>\n\t\t\t\n\t\t<\/div>\n\t\t\t\t\t\t<\/div>\n\t\t\t\t<\/div>\n\t\t\t\t<\/div>\n\t\t<div class=\"elementor-element elementor-element-048bc8f e-con-full e-flex e-con e-child\" data-id=\"048bc8f\" data-element_type=\"container\">\n\t\t\t\t<div class=\"elementor-element elementor-element-5cb9602 elementor-view-default elementor-position-top elementor-mobile-position-top elementor-widget elementor-widget-icon-box\" data-id=\"5cb9602\" data-element_type=\"widget\" data-widget_type=\"icon-box.default\">\n\t\t\t\t<div class=\"elementor-widget-container\">\n\t\t\t\t\t\t\t<div class=\"elementor-icon-box-wrapper\">\n\n\t\t\t\t\t\t<div class=\"elementor-icon-box-icon\">\n\t\t\t\t<span  class=\"elementor-icon\">\n\t\t\t\t<i aria-hidden=\"true\" class=\"td-icon flaticon-business-team-2\"><\/i>\t\t\t\t<\/span>\n\t\t\t<\/div>\n\t\t\t\n\t\t\t\t\t\t<div class=\"elementor-icon-box-content\">\n\n\t\t\t\t\t\t\t\t\t<h3 class=\"elementor-icon-box-title\">\n\t\t\t\t\t\t<span  >\n\t\t\t\t\t\t\tKundenorientierter Anf\u00fchrer\t\t\t\t\t\t<\/span>\n\t\t\t\t\t<\/h3>\n\t\t\t\t\n\t\t\t\t\t\t\t\t\t<p class=\"elementor-icon-box-description\">\n\t\t\t\t\t\tAls CEO ist er stets nah an den Kundenbed\u00fcrfnissen. Seine offene T\u00fcr-Politik und pers\u00f6nliche Kundenbetreuung spiegeln sein Engagement wider, individuelle L\u00f6sungen zu finden und langfristige Beziehungen aufzubauen. Seine Philosophie ist, dass jeder Kunde ein Partner ist, dem er mit Rat und Tat zur Seite steht.\t\t\t\t\t<\/p>\n\t\t\t\t\n\t\t\t<\/div>\n\t\t\t\n\t\t<\/div>\n\t\t\t\t\t\t<\/div>\n\t\t\t\t<\/div>\n\t\t\t\t<\/div>\n\t\t\t\t\t<\/div>\n\t\t\t\t<\/div>\n\t\t\t\t<\/div>\n\t\t","protected":false},"excerpt":{"rendered":"<p>Ein Optimist kauft Gold, ein Pessimist Konserven! (alte Anlegerweissheit) Entdecken Sie die Stabilit\u00e4t und Wertsteigerung mit physischem Anlagegold von Goldwerk: -durch einen massgeschneiderten Goldplan -durch Sofort-Anschaffung von Gold -durch Investorenpakete -durch Krisenschutzl\u00f6sungen Kostenloses Erstgespr\u00e4ch Goldwerk\u00ae 2013 von einem S\u00fcdtiroler Unternehmer gegr\u00fcndet mit allen notwendigen Genehmigungen f\u00fcr den professionellen Goldhandel. So entstand das Angebot f\u00fcr physisches [&hellip;]<\/p>\n","protected":false},"author":2,"featured_media":0,"parent":0,"menu_order":0,"comment_status":"closed","ping_status":"closed","template":"","meta":{"footnotes":""},"class_list":["post-37","page","type-page","status-publish","hentry"],"_links":{"self":[{"href":"https:\/\/goldwerk.it\/de\/wp-json\/wp\/v2\/pages\/37","targetHints":{"allow":["GET"]}}],"collection":[{"href":"https:\/\/goldwerk.it\/de\/wp-json\/wp\/v2\/pages"}],"about":[{"href":"https:\/\/goldwerk.it\/de\/wp-json\/wp\/v2\/types\/page"}],"author":[{"embeddable":true,"href":"https:\/\/goldwerk.it\/de\/wp-json\/wp\/v2\/users\/2"}],"replies":[{"embeddable":true,"href":"https:\/\/goldwerk.it\/de\/wp-json\/wp\/v2\/comments?post=37"}],"version-history":[{"count":10,"href":"https:\/\/goldwerk.it\/de\/wp-json\/wp\/v2\/pages\/37\/revisions"}],"predecessor-version":[{"id":1596,"href":"https:\/\/goldwerk.it\/de\/wp-json\/wp\/v2\/pages\/37\/revisions\/1596"}],"wp:attachment":[{"href":"https:\/\/goldwerk.it\/de\/wp-json\/wp\/v2\/media?parent=37"}],"curies":[{"name":"wp","href":"https:\/\/api.w.org\/{rel}","templated":true}]}}